{"id":16236,"date":"2025-03-06T08:28:12","date_gmt":"2025-03-06T08:28:12","guid":{"rendered":"https:\/\/kalanifreezone.ro\/cookie-uri\/"},"modified":"2025-03-07T08:23:34","modified_gmt":"2025-03-07T08:23:34","slug":"cookie-uri","status":"publish","type":"page","link":"https:\/\/kalanifreezone.ro\/ro\/cookie-uri\/","title":{"rendered":"Cookie-uri"},"content":{"rendered":"<h4 class=\"wp-block-heading\"><strong>1. Introducere<\/strong><\/h4><p>Aceast\u0103 politic\u0103 privind cookie-urile explic\u0103 modul \u00een care <strong>kalanifreezone.ro<\/strong> utilizeaz\u0103 cookie-urile pentru a \u00eembun\u0103t\u0103\u021bi experien\u021ba utilizatorului. Continu\u00e2nd s\u0103 naviga\u021bi pe site, sunte\u021bi de acord cu utilizarea de c\u0103tre noi a cookie-urilor, a\u0219a cum este descris\u0103 \u00een aceast\u0103 politic\u0103. <\/p><h4 class=\"wp-block-heading\"><strong>2. Ce sunt modulele cookie?<\/strong><\/h4><p>Cookie-urile sunt fi\u0219iere text de mici dimensiuni stocate pe dispozitivul dvs. atunci c\u00e2nd vizita\u021bi un site web. Acestea ajut\u0103 la \u00eembun\u0103t\u0103\u021birea func\u021bionalit\u0103\u021bii site-ului, a securit\u0103\u021bii \u0219i a experien\u021bei utilizatorului. <\/p><h4 class=\"wp-block-heading\"><strong>3. Cum folosim modulele cookie<\/strong><\/h4><p>Site-ul nostru utilizeaz\u0103 module cookie pentru:<\/p><ul class=\"wp-block-list\"><li><strong>Func\u021biile esen\u021biale ale site-ului<\/strong> (de exemplu, asigurarea securit\u0103\u021bii \u0219i performan\u021bei site-ului).<\/li>\n\n<li><strong>Analiz\u0103 \u0219i urm\u0103rirea performan\u021bei<\/strong> prin <strong>Google Analytics<\/strong> \u0219i <strong>Search Console<\/strong> pentru a \u00een\u021belege comportamentul utilizatorilor \u0219i a \u00eembun\u0103t\u0103\u021bi con\u021binutul.<\/li>\n\n<li><strong>Gestionarea consim\u021b\u0103m\u00e2ntului privind cookie-urile<\/strong> prin <strong>CookieYes Plugin<\/strong>, care v\u0103 permite s\u0103 v\u0103 controla\u021bi preferin\u021bele privind cookie-urile.<\/li><\/ul><h4 class=\"wp-block-heading\"><strong>4. Tipuri de module cookie pe care le utiliz\u0103m<\/strong><\/h4><ul class=\"wp-block-list\"><li><strong>Cookie-uri necesare<\/strong> &#8211; necesare pentru func\u021bionalitatea site-ului.<\/li>\n\n<li><strong>Cookie-uri de analiz\u0103<\/strong> &#8211; Ne ajut\u0103 s\u0103 urm\u0103rim traficul \u0219i performan\u021ba site-ului.<\/li>\n\n<li><strong>Module cookie ter\u021b\u0103 parte<\/strong> &#8211; Setate de servicii precum <strong>Google Analytics \u0219i MarineTraffic<\/strong>.<\/li><\/ul><h4 class=\"wp-block-heading\"><strong>5. Gestionarea modulelor cookie<\/strong><\/h4><p>Pute\u021bi gestiona sau dezactiva modulele cookie prin set\u0103rile browserului dvs. sau prin intermediul <strong>Plugin-ului CookieYes<\/strong>, care v\u0103 permite s\u0103 accepta\u021bi sau s\u0103 respinge\u021bi modulele cookie neesen\u021biale.<\/p><h4 class=\"wp-block-heading\"><strong>6. Modific\u0103ri ale prezentei politici<\/strong><\/h4><p>Putem actualiza periodic aceast\u0103 Politic\u0103 privind modulele cookie. Orice modific\u0103ri vor fi reflectate pe aceast\u0103 pagin\u0103. <\/p>","protected":false},"excerpt":{"rendered":"<p>1. Introducere Aceast\u0103 politic\u0103 privind cookie-urile explic\u0103 modul \u00een care kalanifreezone.ro utilizeaz\u0103 cookie-urile pentru a \u00eembun\u0103t\u0103\u021bi experien\u021ba utilizatorului. Continu\u00e2nd s\u0103<\/p>\n","protected":false},"author":1,"featured_media":0,"parent":0,"menu_order":0,"comment_status":"closed","ping_status":"closed","template":"elementor_header_footer","meta":{"footnotes":""},"class_list":["post-16236","page","type-page","status-publish","hentry"],"_links":{"self":[{"href":"https:\/\/kalanifreezone.ro\/ro\/wp-json\/wp\/v2\/pages\/16236","targetHints":{"allow":["GET"]}}],"collection":[{"href":"https:\/\/kalanifreezone.ro\/ro\/wp-json\/wp\/v2\/pages"}],"about":[{"href":"https:\/\/kalanifreezone.ro\/ro\/wp-json\/wp\/v2\/types\/page"}],"author":[{"embeddable":true,"href":"https:\/\/kalanifreezone.ro\/ro\/wp-json\/wp\/v2\/users\/1"}],"replies":[{"embeddable":true,"href":"https:\/\/kalanifreezone.ro\/ro\/wp-json\/wp\/v2\/comments?post=16236"}],"version-history":[{"count":1,"href":"https:\/\/kalanifreezone.ro\/ro\/wp-json\/wp\/v2\/pages\/16236\/revisions"}],"predecessor-version":[{"id":16241,"href":"https:\/\/kalanifreezone.ro\/ro\/wp-json\/wp\/v2\/pages\/16236\/revisions\/16241"}],"wp:attachment":[{"href":"https:\/\/kalanifreezone.ro\/ro\/wp-json\/wp\/v2\/media?parent=16236"}],"curies":[{"name":"wp","href":"https:\/\/api.w.org\/{rel}","templated":true}]}}