{"id":16258,"date":"2021-10-12T16:27:24","date_gmt":"2021-10-12T16:27:24","guid":{"rendered":"https:\/\/kalanifreezone.ro\/contactati-ne\/"},"modified":"2025-12-03T11:09:43","modified_gmt":"2025-12-03T11:09:43","slug":"contactati-ne","status":"publish","type":"page","link":"https:\/\/kalanifreezone.ro\/ro\/contactati-ne\/","title":{"rendered":"Contacta\u021bi-ne"},"content":{"rendered":"\t\t<div data-elementor-type=\"wp-page\" data-elementor-id=\"16258\" class=\"elementor elementor-16258 elementor-4439\" data-elementor-post-type=\"page\">\n\t\t\t\t<div class=\"elementor-element elementor-element-68d0e93 wd-section-stretch-content e-flex e-con-boxed e-con e-parent\" data-id=\"68d0e93\" data-element_type=\"container\">\n\t\t\t\t\t<div class=\"e-con-inner\">\n\t\t\t\t<div class=\"elementor-element elementor-element-a0f3e6e elementor-widget elementor-widget-google_maps\" data-id=\"a0f3e6e\" data-element_type=\"widget\" data-widget_type=\"google_maps.default\">\n\t\t\t\t<div class=\"elementor-widget-container\">\n\t\t\t\t\t\t\t<div class=\"elementor-custom-embed\">\n\t\t\t<iframe loading=\"lazy\"\n\t\t\t\t\tsrc=\"https:\/\/maps.google.com\/maps?q=Platform%201%2C%20Free%20Zone%20Galati%20Bazinul%20Nou%20nr.20%20street%20Galati%20County&#038;t=m&#038;z=15&#038;output=embed&#038;iwloc=near\"\n\t\t\t\t\ttitle=\"Platform 1, Free Zone Galati Bazinul Nou nr.20 street Galati County\"\n\t\t\t\t\taria-label=\"Platform 1, Free Zone Galati Bazinul Nou nr.20 street Galati County\"\n\t\t\t><\/iframe>\n\t\t<\/div>\n\t\t\t\t\t\t<\/div>\n\t\t\t\t<\/div>\n\t\t\t\t\t<\/div>\n\t\t\t\t<\/div>\n\t\t<div class=\"wd-negative-gap elementor-element elementor-element-cb322d0 e-flex e-con-boxed e-con e-parent\" data-id=\"cb322d0\" data-element_type=\"container\">\n\t\t\t\t\t<div class=\"e-con-inner\">\n\t\t<div class=\"elementor-element elementor-element-1f0abe4 e-con-full e-flex e-con e-child\" data-id=\"1f0abe4\" data-element_type=\"container\">\n\t\t\t\t<div class=\"elementor-element elementor-element-071523a wd-width-100 elementor-widget elementor-widget-wd_title\" data-id=\"071523a\" data-element_type=\"widget\" data-widget_type=\"wd_title.default\">\n\t\t\t\t<div class=\"elementor-widget-container\">\n\t\t\t\t\t\t\t<div class=\"title-wrapper wd-set-mb reset-last-child wd-title-color-default wd-title-style-default wd-title-size-default text-left\">\n\n\t\t\t\t\t\t\t\t\t\t\t<div class=\"title-subtitle subtitle-color-default subtitle-style-default wd-fontsize-xs\">\n\t\t\t\t\tINFORMA\u021aII\t\t\t\t<\/div>\n\t\t\t\n\t\t\t<div class=\"liner-continer\">\n\t\t\t\t<h4 class=\"woodmart-title-container title wd-fontsize-l\">\u00ceNTREB\u0102RI FRECVENTE<\/h4> \n\t\t\t\t\t\t\t<\/div>\n\n\t\t\t\t\t<\/div>\n\t\t\t\t\t\t<\/div>\n\t\t\t\t<\/div>\n\t\t\t\t<div class=\"elementor-element elementor-element-2a7c1c6 elementor-widget elementor-widget-wd_accordion\" data-id=\"2a7c1c6\" data-element_type=\"widget\" data-widget_type=\"wd_accordion.default\">\n\t\t\t\t<div class=\"elementor-widget-container\">\n\t\t\t\t\t\n\t\t<div class=\"wd-accordion wd-style-default wd-titles-left wd-opener-pos-right wd-opener-style-arrow\" data-state=\"all_closed\">\n\t\t\t\t\t\t\t\n\t\t\t\t<div class=\"wd-accordion-item\">\n\t\t\t\t\t<div class=\"wd-accordion-title\" data-accordion-index=\"0\">\n\t\t\t\t\t\t<div class=\"wd-accordion-title-text\">\n\t\t\t\t\t\t\t\t\t\t\t\t\t\t<span>\n\t\t\t\t\t\t\t\tCe este Kalani?\t\t\t\t\t\t\t<\/span>\n\t\t\t\t\t\t<\/div>\n\t\t\t\t\t\t<span class=\"wd-accordion-opener\"><\/span>\n\t\t\t\t\t<\/div>\n\n\t\t\t\t\t<div class=\"wd-accordion-content wd-entry-content\" data-accordion-index=\"0\">\n\t\t\t\t\t\t\t\t\t\t\t\t\t\n\t\t\t\t\t\t\t<p>Kalani este o companie care \u00ee\u0219i desf\u0103\u0219oar\u0103 activitatea \u00een cadrul Zonei Libere Gala\u021bi, fiind specializat\u0103 \u00een comer\u021b interna\u021bional \u0219i distribu\u021bie. Oferim solu\u021bii comerciale eficiente prin valorificarea beneficiilor duty-free \u0219i a loca\u021biei strategice a zonei libere. <\/p>\n\t\t\t\t\t\t\t\t\t\t\t\t\t\t\t\t\t\t<\/div>\n\t\t\t\t<\/div>\n\t\t\t\t\t\t\t\n\t\t\t\t<div class=\"wd-accordion-item\">\n\t\t\t\t\t<div class=\"wd-accordion-title\" data-accordion-index=\"1\">\n\t\t\t\t\t\t<div class=\"wd-accordion-title-text\">\n\t\t\t\t\t\t\t\t\t\t\t\t\t\t<span>\n\t\t\t\t\t\t\t\tUnde se afl\u0103 Kalani?\t\t\t\t\t\t\t<\/span>\n\t\t\t\t\t\t<\/div>\n\t\t\t\t\t\t<span class=\"wd-accordion-opener\"><\/span>\n\t\t\t\t\t<\/div>\n\n\t\t\t\t\t<div class=\"wd-accordion-content wd-entry-content\" data-accordion-index=\"1\">\n\t\t\t\t\t\t\t\t\t\t\t\t\t\n\t\t\t\t\t\t\t<p>Avem sediul \u00een Zona Liber\u0103 Gala\u021bi, Rom\u00e2nia, un nod comercial cheie pe Dun\u0103re, \u00een apropiere de Marea Neagr\u0103, oferind acces maritim direct \u0219i avantaje logistice puternice.<\/p>\n\t\t\t\t\t\t\t\t\t\t\t\t\t\t\t\t\t\t<\/div>\n\t\t\t\t<\/div>\n\t\t\t\t\t\t\t\n\t\t\t\t<div class=\"wd-accordion-item\">\n\t\t\t\t\t<div class=\"wd-accordion-title\" data-accordion-index=\"2\">\n\t\t\t\t\t\t<div class=\"wd-accordion-title-text\">\n\t\t\t\t\t\t\t\t\t\t\t\t\t\t<span>\n\t\t\t\t\t\t\t\tCum pot plasa o comand\u0103?\t\t\t\t\t\t\t<\/span>\n\t\t\t\t\t\t<\/div>\n\t\t\t\t\t\t<span class=\"wd-accordion-opener\"><\/span>\n\t\t\t\t\t<\/div>\n\n\t\t\t\t\t<div class=\"wd-accordion-content wd-entry-content\" data-accordion-index=\"2\">\n\t\t\t\t\t\t\t\t\t\t\t\t\t\n\t\t\t\t\t\t\t<p>Comenzile pot fi plasate prin contact direct. Pentru mai multe detalii privind produsele disponibile, pre\u021burile \u0219i procedurile de comand\u0103, v\u0103 rug\u0103m s\u0103 vizita\u021bi pagina catalogului nostru. <\/p>\n\t\t\t\t\t\t\t\t\t\t\t\t\t\t\t\t\t\t<\/div>\n\t\t\t\t<\/div>\n\t\t\t\t\t\t\t\n\t\t\t\t<div class=\"wd-accordion-item\">\n\t\t\t\t\t<div class=\"wd-accordion-title\" data-accordion-index=\"3\">\n\t\t\t\t\t\t<div class=\"wd-accordion-title-text\">\n\t\t\t\t\t\t\t\t\t\t\t\t\t\t<span>\n\t\t\t\t\t\t\t\tCare sunt avantajele de a face afaceri \u00een Zona Liber\u0103 Gala\u021bi?\t\t\t\t\t\t\t<\/span>\n\t\t\t\t\t\t<\/div>\n\t\t\t\t\t\t<span class=\"wd-accordion-opener\"><\/span>\n\t\t\t\t\t<\/div>\n\n\t\t\t\t\t<div class=\"wd-accordion-content wd-entry-content\" data-accordion-index=\"3\">\n\t\t\t\t\t\t\t\t\t\t\t\t\t\n\t\t\t\t\t\t\t<p>Zona Liber\u0103 Gala\u021bi ofer\u0103 avantaje de scutire de taxe vamale, acces maritim direct \u0219i integrare perfect\u0103 cu coridoarele comerciale europene, ceea ce o face o loca\u021bie ideal\u0103 pentru opera\u021biuni eficiente de import\/export.<\/p>\n\t\t\t\t\t\t\t\t\t\t\t\t\t\t\t\t\t\t<\/div>\n\t\t\t\t<\/div>\n\t\t\t\t\t\t\t\n\t\t\t\t<div class=\"wd-accordion-item\">\n\t\t\t\t\t<div class=\"wd-accordion-title\" data-accordion-index=\"4\">\n\t\t\t\t\t\t<div class=\"wd-accordion-title-text\">\n\t\t\t\t\t\t\t\t\t\t\t\t\t\t<span>\n\t\t\t\t\t\t\t\tCum pot contacta Kalani Free Zone?\t\t\t\t\t\t\t<\/span>\n\t\t\t\t\t\t<\/div>\n\t\t\t\t\t\t<span class=\"wd-accordion-opener\"><\/span>\n\t\t\t\t\t<\/div>\n\n\t\t\t\t\t<div class=\"wd-accordion-content wd-entry-content\" data-accordion-index=\"4\">\n\t\t\t\t\t\t\t\t\t\t\t\t\t\n\t\t\t\t\t\t\t<p>Ne pute\u021bi contacta prin telefon, e-mail sau prin formularul de contact de pe site-ul nostru.  <\/p>\n\t\t\t\t\t\t\t\t\t\t\t\t\t\t\t\t\t\t<\/div>\n\t\t\t\t<\/div>\n\t\t\t\t\t<\/div>\n\t\t\t\t\t\t<\/div>\n\t\t\t\t<\/div>\n\t\t\t\t<\/div>\n\t\t<div class=\"elementor-element elementor-element-789122a e-con-full e-flex e-con e-child\" data-id=\"789122a\" data-element_type=\"container\">\n\t\t\t\t<div class=\"elementor-element elementor-element-775ddc4 wd-width-100 elementor-widget elementor-widget-wd_title\" data-id=\"775ddc4\" data-element_type=\"widget\" data-widget_type=\"wd_title.default\">\n\t\t\t\t<div class=\"elementor-widget-container\">\n\t\t\t\t\t\t\t<div class=\"title-wrapper wd-set-mb reset-last-child wd-title-color-default wd-title-style-default wd-title-size-default text-left\">\n\n\t\t\t\t\t\t\t\t\t\t\t<div class=\"title-subtitle subtitle-color-default subtitle-style-default wd-fontsize-xs\">\n\t\t\t\t\tINFORMA\u021aII DESPRE NOI\t\t\t\t<\/div>\n\t\t\t\n\t\t\t<div class=\"liner-continer\">\n\t\t\t\t<h4 class=\"woodmart-title-container title wd-fontsize-l\">CONTACTA\u021aI-NE PENTRU \u00ceNTREB\u0102RI<\/h4> \n\t\t\t\t\t\t\t<\/div>\n\n\t\t\t\t\t<\/div>\n\t\t\t\t\t\t<\/div>\n\t\t\t\t<\/div>\n\t\t\t\t<div class=\"elementor-element elementor-element-0f45465 elementor-button-align-stretch elementor-widget elementor-widget-form\" data-id=\"0f45465\" data-element_type=\"widget\" data-settings=\"{&quot;step_next_label&quot;:&quot;Urm\\u0103torul&quot;,&quot;step_previous_label&quot;:&quot;Articolul precedent&quot;,&quot;button_width&quot;:&quot;100&quot;,&quot;step_type&quot;:&quot;number_text&quot;,&quot;step_icon_shape&quot;:&quot;circle&quot;}\" data-widget_type=\"form.default\">\n\t\t\t\t<div class=\"elementor-widget-container\">\n\t\t\t\t\t\t\t<form class=\"elementor-form\" method=\"post\" name=\"Formular pagin\u0103 Contact\">\n\t\t\t<input type=\"hidden\" name=\"post_id\" value=\"16258\"\/>\n\t\t\t<input type=\"hidden\" name=\"form_id\" value=\"0f45465\"\/>\n\t\t\t<input type=\"hidden\" name=\"referer_title\" value=\"Contact Kalani - Comer\u021b \u00een Zona Liber\u0103 Gala\u021bi\" \/>\n\n\t\t\t\t\t\t\t<input type=\"hidden\" name=\"queried_id\" value=\"16258\"\/>\n\t\t\t\n\t\t\t<div class=\"elementor-form-fields-wrapper elementor-labels-\">\n\t\t\t\t\t\t\t\t<div class=\"elementor-field-type-text elementor-field-group elementor-column elementor-field-group-name elementor-col-50\">\n\t\t\t\t\t\t\t\t\t\t\t\t<label for=\"form-field-name\" class=\"elementor-field-label elementor-screen-only\">\n\t\t\t\t\t\t\t\tNume \u0219i prenume\t\t\t\t\t\t\t<\/label>\n\t\t\t\t\t\t\t\t\t\t\t\t\t\t<input size=\"1\" type=\"text\" name=\"form_fields[name]\" id=\"form-field-name\" class=\"elementor-field elementor-size-md  elementor-field-textual\" placeholder=\"Nume \u0219i prenume\">\n\t\t\t\t\t\t\t\t\t\t\t<\/div>\n\t\t\t\t\t\t\t\t<div class=\"elementor-field-type-text elementor-field-group elementor-column elementor-field-group-field_9546813 elementor-col-50\">\n\t\t\t\t\t\t\t\t\t\t\t\t<label for=\"form-field-field_9546813\" class=\"elementor-field-label elementor-screen-only\">\n\t\t\t\t\t\t\t\tCompania\t\t\t\t\t\t\t<\/label>\n\t\t\t\t\t\t\t\t\t\t\t\t\t\t<input size=\"1\" type=\"text\" name=\"form_fields[field_9546813]\" id=\"form-field-field_9546813\" class=\"elementor-field elementor-size-md  elementor-field-textual\" placeholder=\"Compania\">\n\t\t\t\t\t\t\t\t\t\t\t<\/div>\n\t\t\t\t\t\t\t\t<div class=\"elementor-field-type-email elementor-field-group elementor-column elementor-field-group-email elementor-col-50 elementor-field-required\">\n\t\t\t\t\t\t\t\t\t\t\t\t<label for=\"form-field-email\" class=\"elementor-field-label elementor-screen-only\">\n\t\t\t\t\t\t\t\tE-mail\t\t\t\t\t\t\t<\/label>\n\t\t\t\t\t\t\t\t\t\t\t\t\t\t<input size=\"1\" type=\"email\" name=\"form_fields[email]\" id=\"form-field-email\" class=\"elementor-field elementor-size-md  elementor-field-textual\" placeholder=\"E-mail\" required=\"required\">\n\t\t\t\t\t\t\t\t\t\t\t<\/div>\n\t\t\t\t\t\t\t\t<div class=\"elementor-field-type-tel elementor-field-group elementor-column elementor-field-group-field_78fcca4 elementor-col-50 elementor-field-required\">\n\t\t\t\t\t\t\t\t\t\t\t\t<label for=\"form-field-field_78fcca4\" class=\"elementor-field-label elementor-screen-only\">\n\t\t\t\t\t\t\t\tTelefon\t\t\t\t\t\t\t<\/label>\n\t\t\t\t\t\t\t\t<input size=\"1\" type=\"tel\" name=\"form_fields[field_78fcca4]\" id=\"form-field-field_78fcca4\" class=\"elementor-field elementor-size-md  elementor-field-textual\" placeholder=\"Telefon\" required=\"required\" pattern=\"[0-9()#&amp;+*-=.]+\" title=\"Only numbers and phone characters (#, -, *, etc) are accepted.\">\n\n\t\t\t\t\t\t<\/div>\n\t\t\t\t\t\t\t\t<div class=\"elementor-field-type-textarea elementor-field-group elementor-column elementor-field-group-message elementor-col-100\">\n\t\t\t\t\t\t\t\t\t\t\t\t<label for=\"form-field-message\" class=\"elementor-field-label elementor-screen-only\">\n\t\t\t\t\t\t\t\tMesaj\t\t\t\t\t\t\t<\/label>\n\t\t\t\t\t\t<textarea class=\"elementor-field-textual elementor-field  elementor-size-md\" name=\"form_fields[message]\" id=\"form-field-message\" rows=\"4\" placeholder=\"Mesaj\"><\/textarea>\t\t\t\t<\/div>\n\t\t\t\t\t\t\t\t<div class=\"elementor-field-type-recaptcha_v3 elementor-field-group elementor-column elementor-field-group-field_05e891f elementor-col-100 recaptcha_v3-bottomright\">\n\t\t\t\t\t<div class=\"elementor-field\" id=\"form-field-field_05e891f\"><div class=\"elementor-g-recaptcha\" data-sitekey=\"6LcxPusqAAAAAI-ICKBmMLZnbY6f-4UbdZIdl__4\" data-type=\"v3\" data-action=\"Form\" data-badge=\"bottomright\" data-size=\"invisible\"><\/div><\/div>\t\t\t\t<\/div>\n\t\t\t\t\t\t\t\t<div class=\"elementor-field-group elementor-column elementor-field-type-submit elementor-col-100 e-form__buttons\">\n\t\t\t\t\t<button class=\"elementor-button elementor-size-md\" type=\"submit\">\n\t\t\t\t\t\t<span class=\"elementor-button-content-wrapper\">\n\t\t\t\t\t\t\t\t\t\t\t\t\t\t\t\t\t\t\t\t\t\t<span class=\"elementor-button-text\">Trimite<\/span>\n\t\t\t\t\t\t\t\t\t\t\t\t\t<\/span>\n\t\t\t\t\t<\/button>\n\t\t\t\t<\/div>\n\t\t\t<\/div>\n\t\t<\/form>\n\t\t\t\t\t\t<\/div>\n\t\t\t\t<\/div>\n\t\t\t\t<\/div>\n\t\t\t\t\t<\/div>\n\t\t\t\t<\/div>\n\t\t<div class=\"wd-negative-gap elementor-element elementor-element-b5e8c47 e-flex e-con-boxed e-con e-parent\" data-id=\"b5e8c47\" data-element_type=\"container\">\n\t\t\t\t\t<div class=\"e-con-inner\">\n\t\t\t\t<div class=\"elementor-element elementor-element-2b5f6fe elementor-hidden-desktop elementor-hidden-tablet elementor-hidden-mobile elementor-widget elementor-widget-image\" data-id=\"2b5f6fe\" data-element_type=\"widget\" data-widget_type=\"image.default\">\n\t\t\t\t<div class=\"elementor-widget-container\">\n\t\t\t\t\t\t\t\t\t\t\t\t\t\t\t\t<a href=\"https:\/\/kalanifreezone.ro\/contact-us\/\">\n\t\t\t\t\t\t\t<img fetchpriority=\"high\" decoding=\"async\" width=\"1300\" height=\"558\" src=\"https:\/\/kalanifreezone.ro\/wp-content\/uploads\/2025\/03\/Screenshot-2025-03-05-at-20.16.25-1300x558.png\" class=\"attachment-large size-large wp-image-15897\" alt=\"Cover Kalani Free Zone Website\" srcset=\"https:\/\/kalanifreezone.ro\/wp-content\/uploads\/2025\/03\/Screenshot-2025-03-05-at-20.16.25-1300x558.png 1300w, https:\/\/kalanifreezone.ro\/wp-content\/uploads\/2025\/03\/Screenshot-2025-03-05-at-20.16.25-400x172.png 400w, https:\/\/kalanifreezone.ro\/wp-content\/uploads\/2025\/03\/Screenshot-2025-03-05-at-20.16.25-768x330.png 768w, https:\/\/kalanifreezone.ro\/wp-content\/uploads\/2025\/03\/Screenshot-2025-03-05-at-20.16.25-1536x660.png 1536w, https:\/\/kalanifreezone.ro\/wp-content\/uploads\/2025\/03\/Screenshot-2025-03-05-at-20.16.25-430x185.png 430w, https:\/\/kalanifreezone.ro\/wp-content\/uploads\/2025\/03\/Screenshot-2025-03-05-at-20.16.25-700x301.png 700w, https:\/\/kalanifreezone.ro\/wp-content\/uploads\/2025\/03\/Screenshot-2025-03-05-at-20.16.25-150x64.png 150w, https:\/\/kalanifreezone.ro\/wp-content\/uploads\/2025\/03\/Screenshot-2025-03-05-at-20.16.25.png 1916w\" sizes=\"(max-width: 1300px) 100vw, 1300px\" \/>\t\t\t\t\t\t\t\t<\/a>\n\t\t\t\t\t\t\t\t\t\t\t\t\t\t\t<\/div>\n\t\t\t\t<\/div>\n\t\t\t\t<div class=\"elementor-element elementor-element-fa2c79e elementor-hidden-desktop elementor-hidden-tablet elementor-hidden-mobile elementor-widget elementor-widget-image\" data-id=\"fa2c79e\" data-element_type=\"widget\" data-widget_type=\"image.default\">\n\t\t\t\t<div class=\"elementor-widget-container\">\n\t\t\t\t\t\t\t\t\t\t\t\t\t\t\t\t<a href=\"http:\/\/google.com\" target=\"_blank\" rel=\"noopener\">\n\t\t\t\t\t\t\t<img fetchpriority=\"high\" decoding=\"async\" width=\"1300\" height=\"558\" src=\"https:\/\/kalanifreezone.ro\/wp-content\/uploads\/2025\/03\/Screenshot-2025-03-05-at-20.16.25-1300x558.png\" class=\"attachment-large size-large wp-image-15897\" alt=\"Cover Kalani Free Zone Website\" srcset=\"https:\/\/kalanifreezone.ro\/wp-content\/uploads\/2025\/03\/Screenshot-2025-03-05-at-20.16.25-1300x558.png 1300w, https:\/\/kalanifreezone.ro\/wp-content\/uploads\/2025\/03\/Screenshot-2025-03-05-at-20.16.25-400x172.png 400w, https:\/\/kalanifreezone.ro\/wp-content\/uploads\/2025\/03\/Screenshot-2025-03-05-at-20.16.25-768x330.png 768w, https:\/\/kalanifreezone.ro\/wp-content\/uploads\/2025\/03\/Screenshot-2025-03-05-at-20.16.25-1536x660.png 1536w, https:\/\/kalanifreezone.ro\/wp-content\/uploads\/2025\/03\/Screenshot-2025-03-05-at-20.16.25-430x185.png 430w, https:\/\/kalanifreezone.ro\/wp-content\/uploads\/2025\/03\/Screenshot-2025-03-05-at-20.16.25-700x301.png 700w, https:\/\/kalanifreezone.ro\/wp-content\/uploads\/2025\/03\/Screenshot-2025-03-05-at-20.16.25-150x64.png 150w, https:\/\/kalanifreezone.ro\/wp-content\/uploads\/2025\/03\/Screenshot-2025-03-05-at-20.16.25.png 1916w\" sizes=\"(max-width: 1300px) 100vw, 1300px\" \/>\t\t\t\t\t\t\t\t<\/a>\n\t\t\t\t\t\t\t\t\t\t\t\t\t\t\t<\/div>\n\t\t\t\t<\/div>\n\t\t\t\t\t<\/div>\n\t\t\t\t<\/div>\n\t\t\t\t<\/div>\n\t\t","protected":false},"excerpt":{"rendered":"<p>INFORMA\u021aII \u00ceNTREB\u0102RI FRECVENTE Ce este Kalani? Kalani este o companie care \u00ee\u0219i desf\u0103\u0219oar\u0103 activitatea \u00een cadrul Zonei Libere Gala\u021bi, fiind<\/p>\n","protected":false},"author":1,"featured_media":0,"parent":0,"menu_order":0,"comment_status":"closed","ping_status":"closed","template":"","meta":{"footnotes":""},"class_list":["post-16258","page","type-page","status-publish","hentry"],"_links":{"self":[{"href":"https:\/\/kalanifreezone.ro\/ro\/wp-json\/wp\/v2\/pages\/16258","targetHints":{"allow":["GET"]}}],"collection":[{"href":"https:\/\/kalanifreezone.ro\/ro\/wp-json\/wp\/v2\/pages"}],"about":[{"href":"https:\/\/kalanifreezone.ro\/ro\/wp-json\/wp\/v2\/types\/page"}],"author":[{"embeddable":true,"href":"https:\/\/kalanifreezone.ro\/ro\/wp-json\/wp\/v2\/users\/1"}],"replies":[{"embeddable":true,"href":"https:\/\/kalanifreezone.ro\/ro\/wp-json\/wp\/v2\/comments?post=16258"}],"version-history":[{"count":4,"href":"https:\/\/kalanifreezone.ro\/ro\/wp-json\/wp\/v2\/pages\/16258\/revisions"}],"predecessor-version":[{"id":16360,"href":"https:\/\/kalanifreezone.ro\/ro\/wp-json\/wp\/v2\/pages\/16258\/revisions\/16360"}],"wp:attachment":[{"href":"https:\/\/kalanifreezone.ro\/ro\/wp-json\/wp\/v2\/media?parent=16258"}],"curies":[{"name":"wp","href":"https:\/\/api.w.org\/{rel}","templated":true}]}}