{"id":16260,"date":"2021-10-25T09:32:57","date_gmt":"2021-10-25T09:32:57","guid":{"rendered":"https:\/\/kalanifreezone.ro\/acasa\/"},"modified":"2025-05-02T13:01:21","modified_gmt":"2025-05-02T13:01:21","slug":"acasa","status":"publish","type":"page","link":"https:\/\/kalanifreezone.ro\/ro\/","title":{"rendered":"Acas\u0103"},"content":{"rendered":"\t\t<div data-elementor-type=\"wp-page\" data-elementor-id=\"16260\" class=\"elementor elementor-16260 elementor-7681\" data-elementor-post-type=\"page\">\n\t\t\t\t<div class=\"elementor-element elementor-element-7bd6d7d e-con-full wd-section-stretch-content e-flex e-con e-parent\" data-id=\"7bd6d7d\" data-element_type=\"container\" data-settings=\"{&quot;background_background&quot;:&quot;video&quot;,&quot;background_video_link&quot;:&quot;https:\\\/\\\/kalanifreezone.ro\\\/wp-content\\\/uploads\\\/2025\\\/03\\\/Hero-Video.mp4&quot;}\">\n\t\t<div class=\"elementor-background-video-container elementor-hidden-mobile\">\n\t\t\t\t\t\t\t<video class=\"elementor-background-video-hosted\" autoplay muted playsinline loop><\/video>\n\t\t\t\t\t<\/div>\t\t<div class=\"elementor-element elementor-element-0f8bd68 elementor-widget elementor-widget-heading\" data-id=\"0f8bd68\" data-element_type=\"widget\" data-widget_type=\"heading.default\">\n\t\t\t\t<div class=\"elementor-widget-container\">\n\t\t\t\t\t<h2 class=\"elementor-heading-title elementor-size-default\">Eficient. Strategic. Conectat.  <\/h2>\t\t\t\t<\/div>\n\t\t\t\t<\/div>\n\t\t\t\t<div class=\"elementor-element elementor-element-5a80ca9 elementor-widget elementor-widget-heading\" data-id=\"5a80ca9\" data-element_type=\"widget\" data-widget_type=\"heading.default\">\n\t\t\t\t<div class=\"elementor-widget-container\">\n\t\t\t\t\t<h2 class=\"elementor-heading-title elementor-size-default\">Poarta c\u0103tre comer\u021bul mondial<\/h2>\t\t\t\t<\/div>\n\t\t\t\t<\/div>\n\t\t\t\t<div class=\"elementor-element elementor-element-76a3d98 elementor-widget__width-initial elementor-widget elementor-widget-heading\" data-id=\"76a3d98\" data-element_type=\"widget\" data-widget_type=\"heading.default\">\n\t\t\t\t<div class=\"elementor-widget-container\">\n\t\t\t\t\t<p class=\"elementor-heading-title elementor-size-default\">Ne desf\u0103\u0219ur\u0103m activitatea \u00een Zona Liber\u0103 Gala\u021bi, un centru logistic cheie pozi\u021bionat strategic pe malul Dun\u0103rii<\/p>\t\t\t\t<\/div>\n\t\t\t\t<\/div>\n\t\t\t\t<div class=\"elementor-element elementor-element-d0ea0d7 elementor-widget elementor-widget-button\" data-id=\"d0ea0d7\" data-element_type=\"widget\" data-widget_type=\"button.default\">\n\t\t\t\t<div class=\"elementor-widget-container\">\n\t\t\t\t\t\t\t\t\t<div class=\"elementor-button-wrapper\">\n\t\t\t\t\t<a class=\"elementor-button elementor-button-link elementor-size-sm\" href=\"#more\">\n\t\t\t\t\t\t<span class=\"elementor-button-content-wrapper\">\n\t\t\t\t\t\t\t\t\t<span class=\"elementor-button-text\">AFLA\u021aI MAI MULTE<\/span>\n\t\t\t\t\t<\/span>\n\t\t\t\t\t<\/a>\n\t\t\t\t<\/div>\n\t\t\t\t\t\t\t\t<\/div>\n\t\t\t\t<\/div>\n\t\t\t\t<div class=\"elementor-element elementor-element-5f6e364 elementor-hidden-desktop elementor-hidden-tablet elementor-widget elementor-widget-button\" data-id=\"5f6e364\" data-element_type=\"widget\" data-widget_type=\"button.default\">\n\t\t\t\t<div class=\"elementor-widget-container\">\n\t\t\t\t\t\t\t\t\t<div class=\"elementor-button-wrapper\">\n\t\t\t\t\t<a class=\"elementor-button elementor-button-link elementor-size-sm\" href=\"https:\/\/kalanifreezone.ro\/wp-content\/uploads\/2025\/03\/Lista-Pret-EN-MC-eurodolar-DS-MONT-1.pdf\">\n\t\t\t\t\t\t<span class=\"elementor-button-content-wrapper\">\n\t\t\t\t\t\t<span class=\"elementor-button-icon\">\n\t\t\t\t<svg aria-hidden=\"true\" class=\"e-font-icon-svg e-fas-file-pdf\" viewBox=\"0 0 384 512\" xmlns=\"http:\/\/www.w3.org\/2000\/svg\"><path d=\"M181.9 256.1c-5-16-4.9-46.9-2-46.9 8.4 0 7.6 36.9 2 46.9zm-1.7 47.2c-7.7 20.2-17.3 43.3-28.4 62.7 18.3-7 39-17.2 62.9-21.9-12.7-9.6-24.9-23.4-34.5-40.8zM86.1 428.1c0 .8 13.2-5.4 34.9-40.2-6.7 6.3-29.1 24.5-34.9 40.2zM248 160h136v328c0 13.3-10.7 24-24 24H24c-13.3 0-24-10.7-24-24V24C0 10.7 10.7 0 24 0h200v136c0 13.2 10.8 24 24 24zm-8 171.8c-20-12.2-33.3-29-42.7-53.8 4.5-18.5 11.6-46.6 6.2-64.2-4.7-29.4-42.4-26.5-47.8-6.8-5 18.3-.4 44.1 8.1 77-11.6 27.6-28.7 64.6-40.8 85.8-.1 0-.1.1-.2.1-27.1 13.9-73.6 44.5-54.5 68 5.6 6.9 16 10 21.5 10 17.9 0 35.7-18 61.1-61.8 25.8-8.5 54.1-19.1 79-23.2 21.7 11.8 47.1 19.5 64 19.5 29.2 0 31.2-32 19.7-43.4-13.9-13.6-54.3-9.7-73.6-7.2zM377 105L279 7c-4.5-4.5-10.6-7-17-7h-6v128h128v-6.1c0-6.3-2.5-12.4-7-16.9zm-74.1 255.3c4.1-2.7-2.5-11.9-42.8-9 37.1 15.8 42.8 9 42.8 9z\"><\/path><\/svg>\t\t\t<\/span>\n\t\t\t\t\t\t\t\t\t<span class=\"elementor-button-text\">CATALOG<\/span>\n\t\t\t\t\t<\/span>\n\t\t\t\t\t<\/a>\n\t\t\t\t<\/div>\n\t\t\t\t\t\t\t\t<\/div>\n\t\t\t\t<\/div>\n\t\t\t\t<\/div>\n\t\t<div class=\"wd-negative-gap elementor-element elementor-element-5a4e029 e-flex e-con-boxed e-con e-parent\" data-id=\"5a4e029\" data-element_type=\"container\" id=\"more\">\n\t\t\t\t\t<div class=\"e-con-inner\">\n\t\t\t\t<div class=\"elementor-element elementor-element-6b26ac4 elementor-widget elementor-widget-image\" data-id=\"6b26ac4\" data-element_type=\"widget\" data-widget_type=\"image.default\">\n\t\t\t\t<div class=\"elementor-widget-container\">\n\t\t\t\t\t\t\t\t\t\t\t\t\t\t\t<img fetchpriority=\"high\" decoding=\"async\" width=\"1131\" height=\"405\" src=\"https:\/\/kalanifreezone.ro\/wp-content\/uploads\/2025\/03\/flag-kalani.png\" class=\"attachment-large size-large wp-image-15692\" alt=\"Kalani Flag Icon\" srcset=\"https:\/\/kalanifreezone.ro\/wp-content\/uploads\/2025\/03\/flag-kalani.png 1131w, https:\/\/kalanifreezone.ro\/wp-content\/uploads\/2025\/03\/flag-kalani-400x143.png 400w, https:\/\/kalanifreezone.ro\/wp-content\/uploads\/2025\/03\/flag-kalani-768x275.png 768w, https:\/\/kalanifreezone.ro\/wp-content\/uploads\/2025\/03\/flag-kalani-430x154.png 430w, https:\/\/kalanifreezone.ro\/wp-content\/uploads\/2025\/03\/flag-kalani-700x251.png 700w, https:\/\/kalanifreezone.ro\/wp-content\/uploads\/2025\/03\/flag-kalani-150x54.png 150w\" sizes=\"(max-width: 1131px) 100vw, 1131px\" \/>\t\t\t\t\t\t\t\t\t\t\t\t\t\t\t<\/div>\n\t\t\t\t<\/div>\n\t\t\t\t<div class=\"elementor-element elementor-element-6e9f232 elementor-widget elementor-widget-heading\" data-id=\"6e9f232\" data-element_type=\"widget\" data-widget_type=\"heading.default\">\n\t\t\t\t<div class=\"elementor-widget-container\">\n\t\t\t\t\t<h1 class=\"elementor-heading-title elementor-size-default\">KALANI FREE ZONE<\/h1>\t\t\t\t<\/div>\n\t\t\t\t<\/div>\n\t\t\t\t<div class=\"elementor-element elementor-element-a4d1a99 elementor-widget elementor-widget-heading\" data-id=\"a4d1a99\" data-element_type=\"widget\" data-widget_type=\"heading.default\">\n\t\t\t\t<div class=\"elementor-widget-container\">\n\t\t\t\t\t<h2 class=\"elementor-heading-title elementor-size-default\">O loca\u021bie excelent\u0103 pentru comer\u021bul interna\u021bional<\/h2>\t\t\t\t<\/div>\n\t\t\t\t<\/div>\n\t\t\t\t<div class=\"elementor-element elementor-element-294d838 elementor-widget__width-initial color-scheme-inherit text-left elementor-widget elementor-widget-text-editor\" data-id=\"294d838\" data-element_type=\"widget\" data-widget_type=\"text-editor.default\">\n\t\t\t\t<div class=\"elementor-widget-container\">\n\t\t\t\t\t\t\t\t\t<p>Ne desf\u0103\u0219ur\u0103m activitatea \u00een Zona Liber\u0103 Gala\u021bi, un centru logistic cheie pozi\u021bionat strategic pe fluviul Dun\u0103rea, oferind acces de neegalat la pie\u021bele globale. Situat\u0103 \u00een apropierea M\u0103rii Negre \u0219i la grani\u021ba cu Ucraina \u0219i Moldova, aceast\u0103 zon\u0103 de comer\u021b liber serve\u0219te drept o poart\u0103 comercial\u0103 vital\u0103 \u00eentre Europa, Asia \u0219i Orientul Mijlociu. <\/p>\t\t\t\t\t\t\t\t<\/div>\n\t\t\t\t<\/div>\n\t\t\t\t\t<\/div>\n\t\t\t\t<\/div>\n\t\t<div class=\"wd-negative-gap elementor-element elementor-element-14320db e-flex e-con-boxed e-con e-parent\" data-id=\"14320db\" data-element_type=\"container\">\n\t\t\t\t\t<div class=\"e-con-inner\">\n\t\t<div class=\"elementor-element elementor-element-bad3dc5 e-con-full e-flex e-con e-child\" data-id=\"bad3dc5\" data-element_type=\"container\" data-settings=\"{&quot;background_background&quot;:&quot;classic&quot;}\">\n\t\t\t\t<div class=\"elementor-element elementor-element-fbee314 elementor-widget elementor-widget-heading\" data-id=\"fbee314\" data-element_type=\"widget\" data-widget_type=\"heading.default\">\n\t\t\t\t<div class=\"elementor-widget-container\">\n\t\t\t\t\t<h2 class=\"elementor-heading-title elementor-size-default\">Accesul maritim<\/h2>\t\t\t\t<\/div>\n\t\t\t\t<\/div>\n\t\t\t\t<div class=\"elementor-element elementor-element-5279e8c elementor-widget-divider--view-line elementor-widget elementor-widget-divider\" data-id=\"5279e8c\" data-element_type=\"widget\" data-widget_type=\"divider.default\">\n\t\t\t\t<div class=\"elementor-widget-container\">\n\t\t\t\t\t\t\t<div class=\"elementor-divider\">\n\t\t\t<span class=\"elementor-divider-separator\">\n\t\t\t\t\t\t<\/span>\n\t\t<\/div>\n\t\t\t\t\t\t<\/div>\n\t\t\t\t<\/div>\n\t\t\t\t<div class=\"elementor-element elementor-element-7303703 color-scheme-inherit text-left elementor-widget elementor-widget-text-editor\" data-id=\"7303703\" data-element_type=\"widget\" data-widget_type=\"text-editor.default\">\n\t\t\t\t<div class=\"elementor-widget-container\">\n\t\t\t\t\t\t\t\t\t<p>Conexiune direct\u0103 la Marea Neagr\u0103 prin Dun\u0103re pentru un comer\u021b f\u0103r\u0103 \u00eentreruperi.<\/p>\t\t\t\t\t\t\t\t<\/div>\n\t\t\t\t<\/div>\n\t\t\t\t<\/div>\n\t\t<div class=\"elementor-element elementor-element-6e3c6ac e-con-full e-flex e-con e-child\" data-id=\"6e3c6ac\" data-element_type=\"container\" data-settings=\"{&quot;background_background&quot;:&quot;classic&quot;}\">\n\t\t\t\t<div class=\"elementor-element elementor-element-969db31 elementor-widget elementor-widget-heading\" data-id=\"969db31\" data-element_type=\"widget\" data-widget_type=\"heading.default\">\n\t\t\t\t<div class=\"elementor-widget-container\">\n\t\t\t\t\t<h2 class=\"elementor-heading-title elementor-size-default\">Coridor strategic<\/h2>\t\t\t\t<\/div>\n\t\t\t\t<\/div>\n\t\t\t\t<div class=\"elementor-element elementor-element-12f203d elementor-widget-divider--view-line elementor-widget elementor-widget-divider\" data-id=\"12f203d\" data-element_type=\"widget\" data-widget_type=\"divider.default\">\n\t\t\t\t<div class=\"elementor-widget-container\">\n\t\t\t\t\t\t\t<div class=\"elementor-divider\">\n\t\t\t<span class=\"elementor-divider-separator\">\n\t\t\t\t\t\t<\/span>\n\t\t<\/div>\n\t\t\t\t\t\t<\/div>\n\t\t\t\t<\/div>\n\t\t\t\t<div class=\"elementor-element elementor-element-b344526 color-scheme-inherit text-left elementor-widget elementor-widget-text-editor\" data-id=\"b344526\" data-element_type=\"widget\" data-widget_type=\"text-editor.default\">\n\t\t\t\t<div class=\"elementor-widget-container\">\n\t\t\t\t\t\t\t\t\t<p>Face parte din coridorul de transport paneuropean VII, care leag\u0103 pie\u021bele majore.<\/p>\t\t\t\t\t\t\t\t<\/div>\n\t\t\t\t<\/div>\n\t\t\t\t<\/div>\n\t\t<div class=\"elementor-element elementor-element-ed82b59 e-con-full e-flex e-con e-child\" data-id=\"ed82b59\" data-element_type=\"container\" data-settings=\"{&quot;background_background&quot;:&quot;classic&quot;}\">\n\t\t\t\t<div class=\"elementor-element elementor-element-839d95f elementor-widget elementor-widget-heading\" data-id=\"839d95f\" data-element_type=\"widget\" data-widget_type=\"heading.default\">\n\t\t\t\t<div class=\"elementor-widget-container\">\n\t\t\t\t\t<h2 class=\"elementor-heading-title elementor-size-default\">Logistic\u0103 eficient\u0103<\/h2>\t\t\t\t<\/div>\n\t\t\t\t<\/div>\n\t\t\t\t<div class=\"elementor-element elementor-element-fcd5a32 elementor-widget-divider--view-line elementor-widget elementor-widget-divider\" data-id=\"fcd5a32\" data-element_type=\"widget\" data-widget_type=\"divider.default\">\n\t\t\t\t<div class=\"elementor-widget-container\">\n\t\t\t\t\t\t\t<div class=\"elementor-divider\">\n\t\t\t<span class=\"elementor-divider-separator\">\n\t\t\t\t\t\t<\/span>\n\t\t<\/div>\n\t\t\t\t\t\t<\/div>\n\t\t\t\t<\/div>\n\t\t\t\t<div class=\"elementor-element elementor-element-7bf0c20 color-scheme-inherit text-left elementor-widget elementor-widget-text-editor\" data-id=\"7bf0c20\" data-element_type=\"widget\" data-widget_type=\"text-editor.default\">\n\t\t\t\t<div class=\"elementor-widget-container\">\n\t\t\t\t\t\t\t\t\t<p>Trei docuri fluvio-maritime care optimizeaz\u0103 manipularea \u0219i transportul m\u0103rfurilor.<\/p>\t\t\t\t\t\t\t\t<\/div>\n\t\t\t\t<\/div>\n\t\t\t\t<\/div>\n\t\t<div class=\"elementor-element elementor-element-4cbc3b8 e-con-full e-flex e-con e-child\" data-id=\"4cbc3b8\" data-element_type=\"container\" data-settings=\"{&quot;background_background&quot;:&quot;classic&quot;}\">\n\t\t\t\t<div class=\"elementor-element elementor-element-de12883 elementor-widget elementor-widget-heading\" data-id=\"de12883\" data-element_type=\"widget\" data-widget_type=\"heading.default\">\n\t\t\t\t<div class=\"elementor-widget-container\">\n\t\t\t\t\t<h2 class=\"elementor-heading-title elementor-size-default\">  Beneficii comerciale<\/h2>\t\t\t\t<\/div>\n\t\t\t\t<\/div>\n\t\t\t\t<div class=\"elementor-element elementor-element-9cdbfa1 elementor-widget-divider--view-line elementor-widget elementor-widget-divider\" data-id=\"9cdbfa1\" data-element_type=\"widget\" data-widget_type=\"divider.default\">\n\t\t\t\t<div class=\"elementor-widget-container\">\n\t\t\t\t\t\t\t<div class=\"elementor-divider\">\n\t\t\t<span class=\"elementor-divider-separator\">\n\t\t\t\t\t\t<\/span>\n\t\t<\/div>\n\t\t\t\t\t\t<\/div>\n\t\t\t\t<\/div>\n\t\t\t\t<div class=\"elementor-element elementor-element-b04aefe color-scheme-inherit text-left elementor-widget elementor-widget-text-editor\" data-id=\"b04aefe\" data-element_type=\"widget\" data-widget_type=\"text-editor.default\">\n\t\t\t\t<div class=\"elementor-widget-container\">\n\t\t\t\t\t\t\t\t\t<p>Avantaje de scutire de taxe vamale pentru opera\u021biuni de import \u0219i export rentabile.<\/p>\t\t\t\t\t\t\t\t<\/div>\n\t\t\t\t<\/div>\n\t\t\t\t<\/div>\n\t\t\t\t\t<\/div>\n\t\t\t\t<\/div>\n\t\t<div class=\"wd-negative-gap elementor-element elementor-element-d62f3a4 wd-section-stretch-content e-flex e-con-boxed e-con e-parent\" data-id=\"d62f3a4\" data-element_type=\"container\" data-settings=\"{&quot;background_background&quot;:&quot;classic&quot;}\">\n\t\t\t\t\t<div class=\"e-con-inner\">\n\t\t\t\t<div class=\"elementor-element elementor-element-d7defab elementor-widget elementor-widget-heading\" data-id=\"d7defab\" data-element_type=\"widget\" data-widget_type=\"heading.default\">\n\t\t\t\t<div class=\"elementor-widget-container\">\n\t\t\t\t\t<h2 class=\"elementor-heading-title elementor-size-default\">Activitate portuar\u0103 live  <\/h2>\t\t\t\t<\/div>\n\t\t\t\t<\/div>\n\t\t\t\t<div class=\"elementor-element elementor-element-dd0cb6b elementor-widget__width-initial color-scheme-inherit text-left elementor-widget elementor-widget-text-editor\" data-id=\"dd0cb6b\" data-element_type=\"widget\" data-widget_type=\"text-editor.default\">\n\t\t\t\t<div class=\"elementor-widget-container\">\n\t\t\t\t\t\t\t\t\t<p data-start=\"1064\" data-end=\"1238\">Fi\u021bi la curent cu traficul maritim \u00een timp real \u00een Zona Liber\u0103 Gala\u021bi. Utiliza\u021bi harta interactiv\u0103 de mai jos pentru a urm\u0103ri mi\u0219carea navelor, activitatea portuar\u0103 \u0219i fluxul comercial din zon\u0103. <\/p><p data-start=\"1240\" data-end=\"1403\">\ud83d\udccd <strong data-start=\"1243\" data-end=\"1291\">MarineTraffic: Zona Liber\u0103 Gala\u021bi<\/strong><\/p>\t\t\t\t\t\t\t\t<\/div>\n\t\t\t\t<\/div>\n\t\t\t\t<div class=\"elementor-element elementor-element-39fa972 elementor-widget__width-initial elementor-widget elementor-widget-html\" data-id=\"39fa972\" data-element_type=\"widget\" data-widget_type=\"html.default\">\n\t\t\t\t<div class=\"elementor-widget-container\">\n\t\t\t\t\t<iframe width=\"100%\" height=\"500\" frameborder=\"0\" src=\"https:\/\/www.marinetraffic.com\/en\/ais\/embed\/zoom:10\/centery:45.4232\/centerx:28.0422\" allowfullscreen=\"\"><\/iframe>\n\t\t\t\t<\/div>\n\t\t\t\t<\/div>\n\t\t\t\t\t<\/div>\n\t\t\t\t<\/div>\n\t\t<div class=\"wd-negative-gap elementor-element elementor-element-71785bf e-flex e-con-boxed e-con e-parent\" data-id=\"71785bf\" data-element_type=\"container\">\n\t\t\t\t\t<div class=\"e-con-inner\">\n\t\t<div class=\"elementor-element elementor-element-3b67a8e e-con-full e-flex e-con e-child\" data-id=\"3b67a8e\" data-element_type=\"container\">\n\t\t\t\t<div class=\"elementor-element elementor-element-c817824 elementor-widget elementor-widget-heading\" data-id=\"c817824\" data-element_type=\"widget\" data-widget_type=\"heading.default\">\n\t\t\t\t<div class=\"elementor-widget-container\">\n\t\t\t\t\t<h2 class=\"elementor-heading-title elementor-size-default\">  Explora\u021bi gama noastr\u0103 de produse<\/h2>\t\t\t\t<\/div>\n\t\t\t\t<\/div>\n\t\t\t\t<div class=\"elementor-element elementor-element-d7aafaf elementor-widget__width-inherit color-scheme-inherit text-left elementor-widget elementor-widget-text-editor\" data-id=\"d7aafaf\" data-element_type=\"widget\" data-widget_type=\"text-editor.default\">\n\t\t\t\t<div class=\"elementor-widget-container\">\n\t\t\t\t\t\t\t\t\t<p data-start=\"64\" data-end=\"406\">C\u0103uta\u021bi produse din tutun premium la pre\u021buri competitive? Kalani Store ofer\u0103 un catalog divers de \u021big\u0103ri en-gros, disponibile pentru comer\u021b \u0219i distribu\u021bie interna\u021bional\u0103. Cu o loca\u021bie strategic\u0103 \u00een Zona Liber\u0103 Gala\u021bi, asigur\u0103m o logistic\u0103 eficient\u0103 \u0219i solu\u021bii rentabile pentru \u00eentreprinderile din \u00eentreaga lume.  <\/p><p data-start=\"408\" data-end=\"497\" data-is-last-node=\"\" data-is-only-node=\"\">R\u0103sfoi\u021bi catalogul nostru pentru a explora gama noastr\u0103 complet\u0103 de produse!<\/p>\t\t\t\t\t\t\t\t<\/div>\n\t\t\t\t<\/div>\n\t\t\t\t<div class=\"elementor-element elementor-element-3997d94 elementor-mobile-align-center elementor-widget elementor-widget-button\" data-id=\"3997d94\" data-element_type=\"widget\" data-widget_type=\"button.default\">\n\t\t\t\t<div class=\"elementor-widget-container\">\n\t\t\t\t\t\t\t\t\t<div class=\"elementor-button-wrapper\">\n\t\t\t\t\t<a class=\"elementor-button elementor-button-link elementor-size-sm\" href=\"https:\/\/kalanifreezone.ro\/ro\/catalog\/\">\n\t\t\t\t\t\t<span class=\"elementor-button-content-wrapper\">\n\t\t\t\t\t\t<span class=\"elementor-button-icon\">\n\t\t\t\t<svg aria-hidden=\"true\" class=\"e-font-icon-svg e-fas-caret-right\" viewBox=\"0 0 192 512\" xmlns=\"http:\/\/www.w3.org\/2000\/svg\"><path d=\"M0 384.662V127.338c0-17.818 21.543-26.741 34.142-14.142l128.662 128.662c7.81 7.81 7.81 20.474 0 28.284L34.142 398.804C21.543 411.404 0 402.48 0 384.662z\"><\/path><\/svg>\t\t\t<\/span>\n\t\t\t\t\t\t\t\t\t<span class=\"elementor-button-text\">CATALOG<\/span>\n\t\t\t\t\t<\/span>\n\t\t\t\t\t<\/a>\n\t\t\t\t<\/div>\n\t\t\t\t\t\t\t\t<\/div>\n\t\t\t\t<\/div>\n\t\t\t\t<\/div>\n\t\t<div class=\"elementor-element elementor-element-28cb4cf e-con-full e-flex e-con e-child\" data-id=\"28cb4cf\" data-element_type=\"container\">\n\t\t\t\t<div class=\"elementor-element elementor-element-a0d704c elementor-widget elementor-widget-image\" data-id=\"a0d704c\" data-element_type=\"widget\" data-widget_type=\"image.default\">\n\t\t\t\t<div class=\"elementor-widget-container\">\n\t\t\t\t\t\t\t\t\t\t\t\t\t\t\t<img decoding=\"async\" width=\"1048\" height=\"800\" src=\"https:\/\/kalanifreezone.ro\/wp-content\/uploads\/2025\/03\/tigari-home-page-copy-1048x800.png\" class=\"attachment-large size-large wp-image-15751\" alt=\"Gala\u021bi Free Zone\" \/>\t\t\t\t\t\t\t\t\t\t\t\t\t\t\t<\/div>\n\t\t\t\t<\/div>\n\t\t\t\t<\/div>\n\t\t\t\t\t<\/div>\n\t\t\t\t<\/div>\n\t\t\t\t<\/div>\n\t\t","protected":false},"excerpt":{"rendered":"<p>Eficient. Strategic. Conectat. Poarta c\u0103tre comer\u021bul mondial Ne desf\u0103\u0219ur\u0103m activitatea \u00een Zona Liber\u0103 Gala\u021bi, un centru logistic cheie pozi\u021bionat strategic<\/p>\n","protected":false},"author":1,"featured_media":0,"parent":0,"menu_order":0,"comment_status":"closed","ping_status":"closed","template":"elementor_header_footer","meta":{"footnotes":""},"class_list":["post-16260","page","type-page","status-publish","hentry"],"_links":{"self":[{"href":"https:\/\/kalanifreezone.ro\/ro\/wp-json\/wp\/v2\/pages\/16260","targetHints":{"allow":["GET"]}}],"collection":[{"href":"https:\/\/kalanifreezone.ro\/ro\/wp-json\/wp\/v2\/pages"}],"about":[{"href":"https:\/\/kalanifreezone.ro\/ro\/wp-json\/wp\/v2\/types\/page"}],"author":[{"embeddable":true,"href":"https:\/\/kalanifreezone.ro\/ro\/wp-json\/wp\/v2\/users\/1"}],"replies":[{"embeddable":true,"href":"https:\/\/kalanifreezone.ro\/ro\/wp-json\/wp\/v2\/comments?post=16260"}],"version-history":[{"count":30,"href":"https:\/\/kalanifreezone.ro\/ro\/wp-json\/wp\/v2\/pages\/16260\/revisions"}],"predecessor-version":[{"id":16351,"href":"https:\/\/kalanifreezone.ro\/ro\/wp-json\/wp\/v2\/pages\/16260\/revisions\/16351"}],"wp:attachment":[{"href":"https:\/\/kalanifreezone.ro\/ro\/wp-json\/wp\/v2\/media?parent=16260"}],"curies":[{"name":"wp","href":"https:\/\/api.w.org\/{rel}","templated":true}]}}